{"id":42,"date":"2025-05-29T21:26:41","date_gmt":"2025-05-29T21:26:41","guid":{"rendered":"https:\/\/erdemirticaret.com\/index.php\/product\/vegetables\/"},"modified":"2025-06-29T20:32:34","modified_gmt":"2025-06-29T20:32:34","slug":"50ua9740","status":"publish","type":"product","link":"https:\/\/erdemirticaret.com\/index.php\/product\/50ua9740\/","title":{"rendered":"Vestel 50UA9740 50&#8221; 126 Ekran 4K Smart Android TV"},"content":{"rendered":"<div class=\"title\"><span class=\"label\">Genel \u00d6zellikler<\/span><\/div>\n<ul>\n<li><span class=\"label\">\u00dcr\u00fcn Rengi<\/span><span class=\"value\">Siyah<\/span><\/li>\n<li><span class=\"label\">\u00c7\u00f6z\u00fcn\u00fcrl\u00fck<\/span><span class=\"value\">4K Ultra HD (3840 x 2160)<\/span><\/li>\n<li><span class=\"label\">Ekran Boyutu<\/span><span class=\"value\">50 in\u00e7 \/ 126 cm<\/span><\/li>\n<li><span class=\"label\">Seri<\/span><span class=\"value\">UA9740<\/span><\/li>\n<li><span class=\"label\">\u0130\u015fletim Sistemi<\/span><span class=\"value\">Android<\/span><\/li>\n<\/ul>\n<div class=\"title\"><span class=\"label\">Smart \u00d6zellikler<\/span><\/div>\n<ul>\n<li><span class=\"label\">Bluetooth<\/span><span class=\"value\">Var<\/span><\/li>\n<li><span class=\"label\">\u0130nternet Taray\u0131c\u0131s\u0131<\/span><span class=\"value\">Google Playstore&#8217;dan \u0130ndirilebilir<\/span><\/li>\n<li><span class=\"label\">Netflix<\/span><span class=\"value\">Var<\/span><\/li>\n<li><span class=\"label\">Smart TV<\/span><span class=\"value\">Var<\/span><\/li>\n<li><span class=\"label\">YouTube<\/span><span class=\"value\">Var<\/span><\/li>\n<li><span class=\"label\">BeIN Connect<\/span><span class=\"value\">Var<\/span><\/li>\n<li><span class=\"label\">HBBTV<\/span><span class=\"value\">Var<\/span><\/li>\n<li><span class=\"label\">Amazon Prime Video<\/span><span class=\"value\">Var<\/span><\/li>\n<\/ul>\n<div class=\"title\"><span class=\"label\">G\u00f6r\u00fcnt\u00fc \u00d6zellikleri<\/span><\/div>\n<ul>\n<li><span class=\"label\">Dolby Vision G\u00f6r\u00fcnt\u00fc Teknolojisi<\/span><span class=\"value\">Var<\/span><\/li>\n<li><span class=\"label\">HDR G\u00f6r\u00fcnt\u00fc Teknolojileri<\/span><span class=\"value\">HDR10 , Dolby Vision , HDR10+<\/span><\/li>\n<li><span class=\"label\">Micro Dimming<\/span><span class=\"value\">Var<\/span><\/li>\n<li><span class=\"label\">Motion Rate<\/span><span class=\"value\">1400<\/span><\/li>\n<li><span class=\"label\">G\u00f6r\u00fcnt\u00fcleme Teknolojisi<\/span><span class=\"value\">DLED<\/span><\/li>\n<li><span class=\"label\">Ekran Yenileme H\u0131z\u0131<\/span><span class=\"value\">50 Hz<\/span><\/li>\n<\/ul>\n<div class=\"title\"><span class=\"label\">Ses \u00d6zellikleri<\/span><\/div>\n<ul>\n<li><span class=\"label\">Ses \u00c7\u0131k\u0131\u015f G\u00fcc\u00fc<\/span><span class=\"value\">2X10W RMS(%10 THD)<\/span><\/li>\n<li><span class=\"label\">Ses Teknolojisi<\/span><span class=\"value\">Atmos DTS Virtual X + DTS X<\/span><\/li>\n<\/ul>\n<div class=\"title\"><span class=\"label\">Ba\u011flant\u0131lar<\/span><\/div>\n<ul>\n<li><span class=\"label\">CI+<\/span><span class=\"value\">Var<\/span><\/li>\n<li><span class=\"label\">Dahili Uydu Al\u0131c\u0131s\u0131<\/span><span class=\"value\">Var<\/span><\/li>\n<li><span class=\"label\">EPG Elektronik Program Rehberi<\/span><span class=\"value\">Var<\/span><\/li>\n<li><span class=\"label\">HDMI Say\u0131s\u0131<\/span><span class=\"value\">3<\/span><\/li>\n<li><span class=\"label\">Kulakl\u0131k \u00c7\u0131k\u0131\u015f\u0131<\/span><span class=\"value\">Var<\/span><\/li>\n<li><span class=\"label\">Otomatik Kanal Arama<\/span><span class=\"value\">Var<\/span><\/li>\n<li><span class=\"label\">USB Giri\u015fi Say\u0131s\u0131<\/span><span class=\"value\">2<\/span><\/li>\n<li><span class=\"label\">Turksat &amp; TKGS<\/span><span class=\"value\">Var<\/span><\/li>\n<\/ul>\n<div class=\"title\"><span class=\"label\">Enerji T\u00fcketim \u00d6zellikleri<\/span><\/div>\n<ul>\n<li><span class=\"label\">Enerji S\u0131n\u0131f\u0131<\/span><span class=\"value\">E<\/span><\/li>\n<li><span class=\"label\">G\u00fc\u00e7 Tasarrufu Modu<\/span><span class=\"value\">Var<\/span><\/li>\n<li><span class=\"label\">Voltaj Aral\u0131\u011f\u0131<\/span><span class=\"value\">0,5W(ST-BY)220-240V AC 50HZ<\/span><\/li>\n<li><span class=\"label\">SDR Enerji S\u0131n\u0131f\u0131<\/span><span class=\"value\">E<\/span><\/li>\n<li><span class=\"label\">SDR (Standart) EnerjiT\u00fcketimi[ 1000h]<\/span><span class=\"value\">54<\/span><\/li>\n<li><span class=\"label\">HDR Enerji S\u0131n\u0131f\u0131<\/span><span class=\"value\">G<\/span><\/li>\n<li><span class=\"label\">HDR EnerjiT\u00fcketimi [1000h]<\/span><span class=\"value\">101<\/span><\/li>\n<\/ul>\n<div class=\"title\"><span class=\"label\">Fiziksel \u00d6zellikler<\/span><\/div>\n<ul>\n<li><span class=\"label\">Ask\u0131 Aparat\u0131 \u00d6l\u00e7\u00fcs\u00fc<\/span><span class=\"value\">M6 200&#215;200<\/span><\/li>\n<li><span class=\"label\">Ambalajl\u0131 Kutu \u00d6l\u00e7\u00fcleri<\/span><span class=\"value\">742X1215X145<\/span><\/li>\n<li><span class=\"label\">\u00dcr\u00fcn A\u011f\u0131rl\u0131\u011f\u0131 (Ayakl\u0131)<\/span><span class=\"value\">9,4<\/span><\/li>\n<li><span class=\"label\">\u00dcr\u00fcn A\u011f\u0131rl\u0131\u011f\u0131 (Ayaks\u0131z)<\/span><span class=\"value\">9,23<\/span><\/li>\n<li><span class=\"label\">\u00dcr\u00fcn Boyutlar\u0131 YxGxD (Stand ile) (mm)<\/span><span class=\"value\">685X1120X266<\/span><\/li>\n<li><span class=\"label\">\u00dcr\u00fcn Boyutlar\u0131 YxGxD (Stand olmadan) (mm)<\/span><span class=\"value\">648 x 1120 x 87<\/span><\/li>\n<\/ul>\n<div class=\"title\"><span class=\"label\">Ek \u00d6zellikler<\/span><\/div>\n<ul>\n<li><span class=\"label\">\u00c7ekirdek Say\u0131s\u0131<\/span><span class=\"value\">4 \u00c7ekirdek<\/span><\/li>\n<li><span class=\"label\">Otomatik Kay\u0131t ve Program Arama (APS)<\/span><span class=\"value\">Var<\/span><\/li>\n<li><span class=\"label\">Zaman Ayarl\u0131 Kapanma (Sleep Timer)<\/span><span class=\"value\">Var<\/span><\/li>\n<li><span class=\"label\">Dahili Haf\u0131za<\/span><span class=\"value\">8 GB<\/span><\/li>\n<li><span class=\"label\">CEC<\/span><span class=\"value\">Var<\/span><\/li>\n<\/ul>\n<div class=\"title\"><span class=\"label\">Aksesuarlar<\/span><\/div>\n<ul>\n<li><span class=\"label\">Kullan\u0131m K\u0131lavuzu<\/span><span class=\"value\">Var<\/span><\/li>\n<li><span class=\"label\">Uzaktan Kumanda<\/span><span class=\"value\">Var<\/span><\/li>\n<li><span class=\"label\">E-K\u0131lavuz<\/span><span class=\"value\">Var<\/span><\/li>\n<\/ul>\n<div class=\"title\"><span class=\"label\">Di\u011fer Bilgiler<\/span><\/div>\n<ul>\n<li><span class=\"label\">\u00dcr\u00fcn Kodu<\/span><span class=\"value\">20278789<\/span><\/li>\n<li><span class=\"label\">\u00dccretsiz Garanti S\u00fcresi<\/span><span class=\"value\">3 Y\u0131l Garanti<\/span><\/li>\n<li><span class=\"label\">\u00dccretsiz Nakliye<\/span><span class=\"value\">Var<\/span><\/li>\n<li><span class=\"label\">\u00dccretsiz Montaj<\/span><span class=\"value\">Var<\/span><\/li>\n<\/ul>\n","protected":false},"excerpt":{"rendered":"<ul class=\"features\">\n<li>50 &#8221; \/ 126 cm<\/li>\n<li>4K Ultra HD (3840 x 2160)<\/li>\n<li>Android Tv<\/li>\n<li>HDR10 , Dolby Vision , HDR10+<\/li>\n<li>Sesli Komut Kumandas\u0131<\/li>\n<\/ul>\n","protected":false},"featured_media":122,"comment_status":"open","ping_status":"closed","template":"","meta":[],"product_brand":[26],"product_cat":[17,22],"product_tag":[],"class_list":{"0":"post-42","1":"product","2":"type-product","3":"status-publish","4":"has-post-thumbnail","6":"product_brand-vestel","7":"product_cat-elektronik","8":"product_cat-televizyon","10":"first","11":"instock","12":"shipping-taxable","13":"purchasable","14":"product-type-simple"},"_links":{"self":[{"href":"https:\/\/erdemirticaret.com\/index.php\/wp-json\/wp\/v2\/product\/42","targetHints":{"allow":["GET"]}}],"collection":[{"href":"https:\/\/erdemirticaret.com\/index.php\/wp-json\/wp\/v2\/product"}],"about":[{"href":"https:\/\/erdemirticaret.com\/index.php\/wp-json\/wp\/v2\/types\/product"}],"replies":[{"embeddable":true,"href":"https:\/\/erdemirticaret.com\/index.php\/wp-json\/wp\/v2\/comments?post=42"}],"wp:featuredmedia":[{"embeddable":true,"href":"https:\/\/erdemirticaret.com\/index.php\/wp-json\/wp\/v2\/media\/122"}],"wp:attachment":[{"href":"https:\/\/erdemirticaret.com\/index.php\/wp-json\/wp\/v2\/media?parent=42"}],"wp:term":[{"taxonomy":"product_brand","embeddable":true,"href":"https:\/\/erdemirticaret.com\/index.php\/wp-json\/wp\/v2\/product_brand?post=42"},{"taxonomy":"product_cat","embeddable":true,"href":"https:\/\/erdemirticaret.com\/index.php\/wp-json\/wp\/v2\/product_cat?post=42"},{"taxonomy":"product_tag","embeddable":true,"href":"https:\/\/erdemirticaret.com\/index.php\/wp-json\/wp\/v2\/product_tag?post=42"}],"curies":[{"name":"wp","href":"https:\/\/api.w.org\/{rel}","templated":true}]}}